{"id":48776,"date":"2021-09-08T17:15:35","date_gmt":"2021-09-08T17:15:35","guid":{"rendered":"https:\/\/the7.io\/elementor-main\/?page_id=48776"},"modified":"2024-10-15T10:21:50","modified_gmt":"2024-10-15T10:21:50","slug":"contact-full-screen","status":"publish","type":"page","link":"https:\/\/robot-soccer-kit.com\/?page_id=48776","title":{"rendered":"Contact RSK"},"content":{"rendered":"\t\t<div data-elementor-type=\"wp-page\" data-elementor-id=\"48776\" class=\"elementor elementor-48776\">\n\t\t\t\t\t\t\t\t\t<section class=\"elementor-section elementor-top-section elementor-element elementor-element-ceb5851 elementor-section-height-min-height elementor-section-content-middle elementor-section-boxed elementor-section-height-default elementor-section-items-middle\" data-id=\"ceb5851\" data-element_type=\"section\" data-settings=\"{&quot;background_background&quot;:&quot;classic&quot;}\">\n\t\t\t\t\t\t\t<div class=\"elementor-background-overlay\"><\/div>\n\t\t\t\t\t\t\t<div class=\"elementor-container elementor-column-gap-wider\">\n\t\t\t\t\t<div class=\"elementor-column elementor-col-100 elementor-top-column elementor-element elementor-element-ab006dd\" data-id=\"ab006dd\" data-element_type=\"column\" data-settings=\"{&quot;background_background&quot;:&quot;classic&quot;}\">\n\t\t\t<div class=\"elementor-widget-wrap elementor-element-populated\">\n\t\t\t\t\t\t\t\t<div class=\"elementor-element elementor-element-a53fd73 content-align-center icon-position-top icon-vertical-align-center icon-box-vertical-align-top elementor-widget elementor-widget-the7_icon_box_widget\" data-id=\"a53fd73\" data-element_type=\"widget\" data-widget_type=\"the7_icon_box_widget.default\">\n\t\t\t\t<div class=\"elementor-widget-container\">\n\t\t\t\n\t\t<div class=\"the7-box-wrapper the7-elementor-widget the7_icon_box_widget-a53fd73\">\t\t\t<div class=\"box-content-wrapper\">\n\t\t\t\t\t\t\t\t\t<a class=\"elementor-icon-div\" >\t\t\t\t\t\t<div class=\"elementor-icon\">\n\t\t\t\t\t\t\t<i aria-hidden=\"true\" class=\"fas fa-mail-bulk\"><\/i>\t\t\t\t\t\t<\/div>\n\t\t\t\t\t<\/a>\t\t\t\t\t\t\t\t<div class=\"box-content\">\n\t\t\t\t\t\t\t\t\t\t\t\t\t\t\t\t\t<h4 class=\"box-heading\">\n\t\t\t\t\t\t\t<a >\t\t\t\t\t\t\t\tDiscutons de votre projet !\t\t\t\t\t\t\t<\/a>\t\t\t\t\t\t<\/h4>\n\t\t\t\t\t\t\t\t\t\t\t\t\t\t\t\t<div class=\"box-description\"><p><\/p><\/div>\n\t\t\t\t\t\n\t\t\t\t\t\n\t\t\t\t<\/div>\n\t\t\t<\/div>\n\t\t<\/div>\t\t\t<\/div>\n\t\t\t\t<\/div>\n\t\t\t\t<div class=\"elementor-element elementor-element-169a844 elementor-widget elementor-widget-text-editor\" data-id=\"169a844\" data-element_type=\"widget\" data-widget_type=\"text-editor.default\">\n\t\t\t\t<div class=\"elementor-widget-container\">\n\t\t\t\t\t\t\t<p><strong>Contactez-nous ici: <a href=\"mailto:ideologeek.rsk@gmail.com\">ideologeek.rsk@gmail.com<\/a> pour obtenir des informations et \u00e9tablir un devis!<\/strong><\/p>\t\t\t\t\t\t<\/div>\n\t\t\t\t<\/div>\n\t\t\t\t<div class=\"elementor-element elementor-element-18fa8ac elementor-widget elementor-widget-spacer\" data-id=\"18fa8ac\" data-element_type=\"widget\" data-widget_type=\"spacer.default\">\n\t\t\t\t<div class=\"elementor-widget-container\">\n\t\t\t\t\t<div class=\"elementor-spacer\">\n\t\t\t<div class=\"elementor-spacer-inner\"><\/div>\n\t\t<\/div>\n\t\t\t\t<\/div>\n\t\t\t\t<\/div>\n\t\t\t\t<div class=\"elementor-element elementor-element-6bdad1a content-align-center icon-position-top icon-vertical-align-center elementor-widget elementor-widget-the7_icon_box_widget\" data-id=\"6bdad1a\" data-element_type=\"widget\" data-widget_type=\"the7_icon_box_widget.default\">\n\t\t\t\t<div class=\"elementor-widget-container\">\n\t\t\t\n\t\t<div class=\"the7-box-wrapper the7-elementor-widget the7_icon_box_widget-6bdad1a\">\t\t\t<div class=\"box-content-wrapper\">\n\t\t\t\t\t\t\t\t\t<a class=\"elementor-icon-div\" href=\"https:\/\/robot-soccer-kit.github.io\" target=\"_blank\">\t\t\t\t\t\t<div class=\"elementor-icon\">\n\t\t\t\t\t\t\t<i aria-hidden=\"true\" class=\"fab fa-github\"><\/i>\t\t\t\t\t\t<\/div>\n\t\t\t\t\t<\/a>\t\t\t\t\t\t\t\t<div class=\"box-content\">\n\t\t\t\t\t\t\t\t\t\t\t\t\t\t\t\t\t<h4 class=\"box-heading\">\n\t\t\t\t\t\t\t<a href=\"https:\/\/robot-soccer-kit.github.io\" target=\"_blank\">\t\t\t\t\t\t\t\tRSK est un projet Open Source\t\t\t\t\t\t\t<\/a>\t\t\t\t\t\t<\/h4>\n\t\t\t\t\t\t\t\t\t\t\t\t\t\t\t\t<div class=\"box-description\"><p>Retrouvez l'int\u00e9gralit\u00e9 de la documentation sur le Github du Robot Soccer Kit<\/p><\/div>\n\t\t\t\t\t\n\t\t\t\t\t<a href=\"https:\/\/robot-soccer-kit.github.io\" target=\"_blank\" class=\"box-button elementor-button elementor-size-xs\">Acc\u00e9der \u00e0 la documentation (English)<\/a>\n\t\t\t\t<\/div>\n\t\t\t<\/div>\n\t\t<\/div>\t\t\t<\/div>\n\t\t\t\t<\/div>\n\t\t\t\t<div class=\"elementor-element elementor-element-66f9870 elementor-widget elementor-widget-spacer\" data-id=\"66f9870\" data-element_type=\"widget\" data-widget_type=\"spacer.default\">\n\t\t\t\t<div class=\"elementor-widget-container\">\n\t\t\t\t\t<div class=\"elementor-spacer\">\n\t\t\t<div class=\"elementor-spacer-inner\"><\/div>\n\t\t<\/div>\n\t\t\t\t<\/div>\n\t\t\t\t<\/div>\n\t\t\t\t\t<\/div>\n\t\t<\/div>\n\t\t\t\t\t\t\t<\/div>\n\t\t<\/section>\n\t\t\t\t<section class=\"elementor-section elementor-top-section elementor-element elementor-element-2a8bebf elementor-section-boxed elementor-section-height-default elementor-section-height-default\" data-id=\"2a8bebf\" data-element_type=\"section\">\n\t\t\t\t\t\t<div class=\"elementor-container elementor-column-gap-default\">\n\t\t\t\t\t<div class=\"elementor-column elementor-col-100 elementor-top-column elementor-element elementor-element-8f24e0b\" data-id=\"8f24e0b\" data-element_type=\"column\">\n\t\t\t<div class=\"elementor-widget-wrap\">\n\t\t\t\t\t\t\t\t\t<\/div>\n\t\t<\/div>\n\t\t\t\t\t\t\t<\/div>\n\t\t<\/section>\n\t\t\t\t\t\t\t<\/div>\n\t\t","protected":false},"excerpt":{"rendered":"<p>Discutons de votre projet ! Contactez-nous ici: ideologeek.rsk@gmail.com pour obtenir des informations et \u00e9tablir un devis! RSK est un projet Open Source Retrouvez l&#8217;int\u00e9gralit\u00e9 de la documentation sur le Github du Robot Soccer Kit Acc\u00e9der \u00e0 la documentation (English)<\/p>\n","protected":false},"author":1,"featured_media":0,"parent":0,"menu_order":277,"comment_status":"closed","ping_status":"closed","template":"elementor_header_footer","meta":{"content-type":"","footnotes":""},"class_list":["post-48776","page","type-page","status-publish","hentry"],"_links":{"self":[{"href":"https:\/\/robot-soccer-kit.com\/index.php?rest_route=\/wp\/v2\/pages\/48776","targetHints":{"allow":["GET"]}}],"collection":[{"href":"https:\/\/robot-soccer-kit.com\/index.php?rest_route=\/wp\/v2\/pages"}],"about":[{"href":"https:\/\/robot-soccer-kit.com\/index.php?rest_route=\/wp\/v2\/types\/page"}],"author":[{"embeddable":true,"href":"https:\/\/robot-soccer-kit.com\/index.php?rest_route=\/wp\/v2\/users\/1"}],"replies":[{"embeddable":true,"href":"https:\/\/robot-soccer-kit.com\/index.php?rest_route=%2Fwp%2Fv2%2Fcomments&post=48776"}],"version-history":[{"count":33,"href":"https:\/\/robot-soccer-kit.com\/index.php?rest_route=\/wp\/v2\/pages\/48776\/revisions"}],"predecessor-version":[{"id":77866,"href":"https:\/\/robot-soccer-kit.com\/index.php?rest_route=\/wp\/v2\/pages\/48776\/revisions\/77866"}],"wp:attachment":[{"href":"https:\/\/robot-soccer-kit.com\/index.php?rest_route=%2Fwp%2Fv2%2Fmedia&parent=48776"}],"curies":[{"name":"wp","href":"https:\/\/api.w.org\/{rel}","templated":true}]}}